{"id":1240,"date":"2024-07-15T18:37:42","date_gmt":"2024-07-15T18:37:42","guid":{"rendered":"https:\/\/wizytravel.com\/home\/"},"modified":"2025-08-10T21:32:17","modified_gmt":"2025-08-10T21:32:17","slug":"home","status":"publish","type":"page","link":"https:\/\/wizytravel.com\/da","title":{"rendered":"Hjem"},"content":{"rendered":"<div data-elementor-type=\"wp-page\" data-elementor-id=\"1240\" class=\"elementor elementor-1240\" data-elementor-post-type=\"page\">\n\t\t\t\t<div class=\"elementor-element elementor-element-8g9wv7y e-flex e-con-boxed e-con e-parent\" data-id=\"8g9wv7y\" data-element_type=\"container\" data-settings=\"{&quot;background_background&quot;:&quot;classic&quot;}\">\n\t\t\t\t\t<div class=\"e-con-inner\">\n\t\t<div class=\"elementor-element elementor-element-fe6a729 e-con-full e-flex e-con e-child\" data-id=\"fe6a729\" data-element_type=\"container\">\n\t\t\t\t<div class=\"elementor-element elementor-element-de48581 elementor-widget elementor-widget-heading\" data-id=\"de48581\" data-element_type=\"widget\" data-widget_type=\"heading.default\">\n\t\t\t\t<div class=\"elementor-widget-container\">\n\t\t\t\t\t<h3 class=\"elementor-heading-title elementor-size-default\">Udforsk den farverige verden<\/h3>\t\t\t\t<\/div>\n\t\t\t\t<\/div>\n\t\t\t\t<div class=\"elementor-element elementor-element-8966e55 elementor-widget-divider--view-line elementor-widget elementor-widget-divider\" data-id=\"8966e55\" data-element_type=\"widget\" data-widget_type=\"divider.default\">\n\t\t\t\t<div class=\"elementor-widget-container\">\n\t\t\t\t\t\t\t<div class=\"elementor-divider\">\n\t\t\t<span class=\"elementor-divider-separator\">\n\t\t\t\t\t\t<\/span>\n\t\t<\/div>\n\t\t\t\t\t\t<\/div>\n\t\t\t\t<\/div>\n\t\t\t\t<div class=\"elementor-element elementor-element-c7345d2 elementor-widget elementor-widget-heading\" data-id=\"c7345d2\" data-element_type=\"widget\" data-widget_type=\"heading.default\">\n\t\t\t\t<div class=\"elementor-widget-container\">\n\t\t\t\t\t<h1 class=\"elementor-heading-title elementor-size-default\">FIND DIN DR\u00d8MMEFERIE<\/h1>\t\t\t\t<\/div>\n\t\t\t\t<\/div>\n\t\t\t\t<div class=\"elementor-element elementor-element-7ba1da6 elementor-align-center elementor-widget elementor-widget-button\" data-id=\"7ba1da6\" data-element_type=\"widget\" data-widget_type=\"button.default\">\n\t\t\t\t<div class=\"elementor-widget-container\">\n\t\t\t\t\t\t\t\t\t<div class=\"elementor-button-wrapper\">\n\t\t\t\t\t<a class=\"elementor-button elementor-button-link elementor-size-sm\" href=\"#book-hotel\">\n\t\t\t\t\t\t<span class=\"elementor-button-content-wrapper\">\n\t\t\t\t\t\t\t\t\t<span class=\"elementor-button-text\">Book et hotel<\/span>\n\t\t\t\t\t<\/span>\n\t\t\t\t\t<\/a>\n\t\t\t\t<\/div>\n\t\t\t\t\t\t\t\t<\/div>\n\t\t\t\t<\/div>\n\t\t\t\t<div class=\"elementor-element elementor-element-0dcf12f elementor-align-center elementor-widget elementor-widget-button\" data-id=\"0dcf12f\" data-element_type=\"widget\" data-widget_type=\"button.default\">\n\t\t\t\t<div class=\"elementor-widget-container\">\n\t\t\t\t\t\t\t\t\t<div class=\"elementor-button-wrapper\">\n\t\t\t\t\t<a class=\"elementor-button elementor-button-link elementor-size-sm\" href=\"#get-promo\">\n\t\t\t\t\t\t<span class=\"elementor-button-content-wrapper\">\n\t\t\t\t\t\t\t\t\t<span class=\"elementor-button-text\">F\u00e5 en unik kampagne<\/span>\n\t\t\t\t\t<\/span>\n\t\t\t\t\t<\/a>\n\t\t\t\t<\/div>\n\t\t\t\t\t\t\t\t<\/div>\n\t\t\t\t<\/div>\n\t\t\t\t<\/div>\n\t\t\t\t\t<\/div>\n\t\t\t\t<\/div>\n\t\t<div class=\"elementor-element elementor-element-a7a1c29 e-flex e-con-boxed e-con e-parent\" data-id=\"a7a1c29\" data-element_type=\"container\" id=\"book-flight\">\n\t\t\t\t\t<div class=\"e-con-inner\">\n\t\t\t\t<div class=\"elementor-element elementor-element-adc6f72 elementor-widget elementor-widget-html\" data-id=\"adc6f72\" data-element_type=\"widget\" data-widget_type=\"html.default\">\n\t\t\t\t<div class=\"elementor-widget-container\">\n\t\t\t\t\t<script async src=\"https:\/\/tp.media\/content?currency=usd&trs=334795&shmarker=558919&show_hotels=true&powered_by=true&locale=en&searchUrl=www.aviasales.com%2Fsearch&primary_override=%23D61362&color_button=%23D61362&color_icons=%23D61362&dark=%23262626&light=%23FFFFFF&secondary=%23FFFFFF&special=%23C4C4C4&color_focused=%23D61362&border_radius=0&plain=true&promo_id=7879&campaign_id=100\" charset=\"utf-8\"><\/script>\t\t\t\t<\/div>\n\t\t\t\t<\/div>\n\t\t\t\t\t<\/div>\n\t\t\t\t<\/div>\n\t\t<div class=\"elementor-element elementor-element-c43368b e-flex e-con-boxed e-con e-parent\" data-id=\"c43368b\" data-element_type=\"container\">\n\t\t\t\t\t<div class=\"e-con-inner\">\n\t\t\t\t<div class=\"elementor-element elementor-element-bae4eba elementor-widget elementor-widget-html\" data-id=\"bae4eba\" data-element_type=\"widget\" data-widget_type=\"html.default\">\n\t\t\t\t<div class=\"elementor-widget-container\">\n\t\t\t\t\t<script async src=\"https:\/\/tp.media\/content?currency=usd&trs=334795&shmarker=558919&color_button=%23D61362&target_host=www.aviasales.com%2Fsearch&locale=en&powered_by=true&origin=LON&destination=BKK&with_fallback=false&non_direct_flights=true&min_lines=5&border_radius=0&color_background=%23FFFFFF&color_text=%23000000&color_border=%23FFFFFF&promo_id=2811&campaign_id=100\" charset=\"utf-8\"><\/script>\t\t\t\t<\/div>\n\t\t\t\t<\/div>\n\t\t\t\t\t<\/div>\n\t\t\t\t<\/div>\n\t\t<div class=\"elementor-element elementor-element-cy97e2a e-flex e-con-boxed e-con e-parent\" data-id=\"cy97e2a\" data-element_type=\"container\">\n\t\t\t\t\t<div class=\"e-con-inner\">\n\t\t<div class=\"elementor-element elementor-element-40552d9 e-con-full e-flex e-con e-child\" data-id=\"40552d9\" data-element_type=\"container\">\n\t\t\t\t<div class=\"elementor-element elementor-element-2fa8427 elementor-widget elementor-widget-heading\" data-id=\"2fa8427\" data-element_type=\"widget\" data-widget_type=\"heading.default\">\n\t\t\t\t<div class=\"elementor-widget-container\">\n\t\t\t\t\t<h2 class=\"elementor-heading-title elementor-size-default\">S\u00c6RLIGE TILBUD<\/h2>\t\t\t\t<\/div>\n\t\t\t\t<\/div>\n\t\t\t\t<div class=\"elementor-element elementor-element-e9a8110 elementor-widget-divider--view-line elementor-widget elementor-widget-divider\" data-id=\"e9a8110\" data-element_type=\"widget\" data-widget_type=\"divider.default\">\n\t\t\t\t<div class=\"elementor-widget-container\">\n\t\t\t\t\t\t\t<div class=\"elementor-divider\">\n\t\t\t<span class=\"elementor-divider-separator\">\n\t\t\t\t\t\t<\/span>\n\t\t<\/div>\n\t\t\t\t\t\t<\/div>\n\t\t\t\t<\/div>\n\t\t<div class=\"elementor-element elementor-element-0e50bf9 e-con-full e-flex e-con e-child\" data-id=\"0e50bf9\" data-element_type=\"container\">\n\t\t<div class=\"elementor-element elementor-element-b2acd4a e-con-full e-flex e-con e-child\" data-id=\"b2acd4a\" data-element_type=\"container\">\n\t\t\t\t<div class=\"elementor-element elementor-element-ddc3d36 elementor-widget elementor-widget-html\" data-id=\"ddc3d36\" data-element_type=\"widget\" data-widget_type=\"html.default\">\n\t\t\t\t<div class=\"elementor-widget-container\">\n\t\t\t\t\t<script async src=\"https:\/\/tp.media\/content?currency=usd&trs=334795&shmarker=558919&target_host=www.aviasales.com%2Fsearch&locale=en&limit=6&powered_by=true&primary=%230085FF&promo_id=4044&campaign_id=100\" charset=\"utf-8\"><\/script>\t\t\t\t<\/div>\n\t\t\t\t<\/div>\n\t\t\t\t<\/div>\n\t\t<div class=\"elementor-element elementor-element-80afafb e-con-full e-flex e-con e-child\" data-id=\"80afafb\" data-element_type=\"container\">\n\t\t\t\t<div class=\"elementor-element elementor-element-8d127bb elementor-widget elementor-widget-html\" data-id=\"8d127bb\" data-element_type=\"widget\" data-widget_type=\"html.default\">\n\t\t\t\t<div class=\"elementor-widget-container\">\n\t\t\t\t\t<script async src=\"https:\/\/tp.media\/content?currency=usd&trs=334795&shmarker=558919&searchUrl=www.aviasales.com%2Fsearch&locale=en&powered_by=true&one_way=false&only_direct=false&period=year&range=7%2C14&primary=%23D61362&color_background=%23ffffff&dark=%23000000&light=%23FFFFFF&achieve=%23D61362&promo_id=4041&campaign_id=100\" charset=\"utf-8\"><\/script>\t\t\t\t<\/div>\n\t\t\t\t<\/div>\n\t\t\t\t<\/div>\n\t\t\t\t<\/div>\n\t\t\t\t<\/div>\n\t\t\t\t\t<\/div>\n\t\t\t\t<\/div>\n\t\t<div class=\"elementor-element elementor-element-1e2f72d e-flex e-con-boxed e-con e-parent\" data-id=\"1e2f72d\" data-element_type=\"container\">\n\t\t\t\t\t<div class=\"e-con-inner\">\n\t\t\t\t<div class=\"elementor-element elementor-element-662e9df elementor-widget elementor-widget-html\" data-id=\"662e9df\" data-element_type=\"widget\" data-widget_type=\"html.default\">\n\t\t\t\t<div class=\"elementor-widget-container\">\n\t\t\t\t\t<script async src=\"https:\/\/tp.media\/content?currency=usd&trs=334795&shmarker=558919&lat=&lng=&powered_by=true&search_host=www.aviasales.com%2Fsearch&locale=en&origin=LON&value_min=0&value_max=1000000&round_trip=true&only_direct=false&radius=1&draggable=true&disable_zoom=false&show_logo=false&scrollwheel=false&primary=%23D61362&secondary=%23DC2B76ff&light=%23ffffff&width=1500&height=500&zoom=2&promo_id=4054&campaign_id=100\" charset=\"utf-8\"><\/script>\t\t\t\t<\/div>\n\t\t\t\t<\/div>\n\t\t\t\t\t<\/div>\n\t\t\t\t<\/div>\n\t\t<div class=\"elementor-element elementor-element-44szzlg e-flex e-con-boxed e-con e-parent\" data-id=\"44szzlg\" data-element_type=\"container\" data-settings=\"{&quot;background_background&quot;:&quot;classic&quot;}\">\n\t\t\t\t\t<div class=\"e-con-inner\">\n\t\t<div class=\"elementor-element elementor-element-c761d1d e-con-full e-flex e-con e-child\" data-id=\"c761d1d\" data-element_type=\"container\">\n\t\t\t\t<div class=\"elementor-element elementor-element-c004b04 elementor-widget elementor-widget-heading\" data-id=\"c004b04\" data-element_type=\"widget\" data-widget_type=\"heading.default\">\n\t\t\t\t<div class=\"elementor-widget-container\">\n\t\t\t\t\t<h2 class=\"elementor-heading-title elementor-size-default\">Udforsk verden<\/h2>\t\t\t\t<\/div>\n\t\t\t\t<\/div>\n\t\t\t\t<div class=\"elementor-element elementor-element-93ea5d2 elementor-widget-divider--view-line elementor-widget elementor-widget-divider\" data-id=\"93ea5d2\" data-element_type=\"widget\" data-widget_type=\"divider.default\">\n\t\t\t\t<div class=\"elementor-widget-container\">\n\t\t\t\t\t\t\t<div class=\"elementor-divider\">\n\t\t\t<span class=\"elementor-divider-separator\">\n\t\t\t\t\t\t<\/span>\n\t\t<\/div>\n\t\t\t\t\t\t<\/div>\n\t\t\t\t<\/div>\n\t\t\t\t<div class=\"elementor-element elementor-element-ccfcc53 elementor-widget elementor-widget-text-editor\" data-id=\"ccfcc53\" data-element_type=\"widget\" data-widget_type=\"text-editor.default\">\n\t\t\t\t<div class=\"elementor-widget-container\">\n\t\t\t\t\t\t\t\t\t<p><strong id=\"post_task_attachments1\" contenteditable=\"true\">Det kan v\u00e6re overv\u00e6ldende og stressende at planl\u00e6gge en rejse. Du st\u00e5r over for endel\u00f8se muligheder og forvirrende priser, hvilket g\u00f8r det sv\u00e6rt at vide, om du f\u00e5r det bedste tilbud.<\/strong><\/p>\t\t\t\t\t\t\t\t<\/div>\n\t\t\t\t<\/div>\n\t\t\t\t<div class=\"elementor-element elementor-element-c65d1ca elementor-widget elementor-widget-text-editor\" data-id=\"c65d1ca\" data-element_type=\"widget\" data-widget_type=\"text-editor.default\">\n\t\t\t\t<div class=\"elementor-widget-container\">\n\t\t\t\t\t\t\t\t\t<p><strong id=\"post_task_attachments1\" contenteditable=\"true\">Wizy Travel forenkler hele processen. Med vores one-stop platform kan du ubesv\u00e6ret udforske verden og f\u00e5 adgang til de bedste priser p\u00e5 flyrejser, hoteller, biludlejning, lufthavnstransport og meget mere - alt sammen p\u00e5 \u00e9t sted. Lad os tage dig med derhen, hvor du dr\u00f8mmer om at v\u00e6re, og sikre dig en problemfri og behagelig rejseoplevelse fra start til slut! Vi kan endda forvandle dit k\u00f8b til en REWARD EXPERIENCE<\/strong><\/p>\t\t\t\t\t\t\t\t<\/div>\n\t\t\t\t<\/div>\n\t\t\t\t<div class=\"elementor-element elementor-element-6ac07a6 elementor-align-left elementor-mobile-align-left elementor-widget elementor-widget-button\" data-id=\"6ac07a6\" data-element_type=\"widget\" data-widget_type=\"button.default\">\n\t\t\t\t<div class=\"elementor-widget-container\">\n\t\t\t\t\t\t\t\t\t<div class=\"elementor-button-wrapper\">\n\t\t\t\t\t<a class=\"elementor-button elementor-button-link elementor-size-sm\" href=\"https:\/\/promowix.com\/\">\n\t\t\t\t\t\t<span class=\"elementor-button-content-wrapper\">\n\t\t\t\t\t\t<span class=\"elementor-button-icon\">\n\t\t\t\t<svg aria-hidden=\"true\" class=\"e-font-icon-svg e-fas-long-arrow-alt-right\" viewbox=\"0 0 448 512\" xmlns=\"http:\/\/www.w3.org\/2000\/svg\"><path d=\"M313.941 216H12c-6.627 0-12 5.373-12 12v56c0 6.627 5.373 12 12 12h301.941v46.059c0 21.382 25.851 32.09 40.971 16.971l86.059-86.059c9.373-9.373 9.373-24.569 0-33.941l-86.059-86.059c-15.119-15.119-40.971-4.411-40.971 16.971V216z\"><\/path><\/svg>\t\t\t<\/span>\n\t\t\t\t\t\t\t\t\t<span class=\"elementor-button-text\">F\u00e5 mere at vide<\/span>\n\t\t\t\t\t<\/span>\n\t\t\t\t\t<\/a>\n\t\t\t\t<\/div>\n\t\t\t\t\t\t\t\t<\/div>\n\t\t\t\t<\/div>\n\t\t\t\t<\/div>\n\t\t\t\t\t<\/div>\n\t\t\t\t<\/div>\n\t\t<div class=\"elementor-element elementor-element-ea7fef1 e-flex e-con-boxed e-con e-parent\" data-id=\"ea7fef1\" data-element_type=\"container\" id=\"book-hotel\">\n\t\t\t\t\t<div class=\"e-con-inner\">\n\t\t\t\t<div class=\"elementor-element elementor-element-40b77ee elementor-widget elementor-widget-heading\" data-id=\"40b77ee\" data-element_type=\"widget\" data-widget_type=\"heading.default\">\n\t\t\t\t<div class=\"elementor-widget-container\">\n\t\t\t\t\t<h2 class=\"elementor-heading-title elementor-size-default\">BOOKING AF HOTEL<\/h2>\t\t\t\t<\/div>\n\t\t\t\t<\/div>\n\t\t\t\t<div class=\"elementor-element elementor-element-e5d2797 elementor-widget elementor-widget-html\" data-id=\"e5d2797\" data-element_type=\"widget\" data-widget_type=\"html.default\">\n\t\t\t\t<div class=\"elementor-widget-container\">\n\t\t\t\t\t<script async src=\"https:\/\/tp.media\/content?currency=usd&trs=334795&shmarker=558919&show_hotels=true&powered_by=true&locale=en&searchUrl=search.hotellook.com&primary_override=%23FF8E01&color_button=%23262626&color_icons=%23FF8E01&secondary=%23D61362&dark=%23262626&light=%23ffffff&special=%23C4C4C4&color_focused=%23FF8E01&border_radius=5&plain=true&promo_id=7873&campaign_id=101\" charset=\"utf-8\"><\/script>\t\t\t\t<\/div>\n\t\t\t\t<\/div>\n\t\t\t\t\t<\/div>\n\t\t\t\t<\/div>\n\t\t<div class=\"elementor-element elementor-element-e1d0892 e-flex e-con-boxed e-con e-parent\" data-id=\"e1d0892\" data-element_type=\"container\">\n\t\t\t\t\t<div class=\"e-con-inner\">\n\t\t\t\t<div class=\"elementor-element elementor-element-7ae685a elementor-widget elementor-widget-html\" data-id=\"7ae685a\" data-element_type=\"widget\" data-widget_type=\"html.default\">\n\t\t\t\t<div class=\"elementor-widget-container\">\n\t\t\t\t\t<script async src=\"https:\/\/tp.media\/content?currency=usd&trs=334795&shmarker=558919&type=compact&host=search.hotellook.com&locale=en&limit=10&powered_by=true&nobooking=&primary=%23D61362&special=%23D61362&promo_id=4026&campaign_id=101\" charset=\"utf-8\"><\/script>\t\t\t\t<\/div>\n\t\t\t\t<\/div>\n\t\t\t\t\t<\/div>\n\t\t\t\t<\/div>\n\t\t<div class=\"elementor-element elementor-element-8202037 e-flex e-con-boxed e-con e-parent\" data-id=\"8202037\" data-element_type=\"container\">\n\t\t\t\t\t<div class=\"e-con-inner\">\n\t\t<div class=\"elementor-element elementor-element-4b4a74c e-con-full e-flex e-con e-child\" data-id=\"4b4a74c\" data-element_type=\"container\">\n\t\t\t\t<div class=\"elementor-element elementor-element-aa46be0 elementor-widget elementor-widget-html\" data-id=\"aa46be0\" data-element_type=\"widget\" data-widget_type=\"html.default\">\n\t\t\t\t<div class=\"elementor-widget-container\">\n\t\t\t\t\t<script async src=\"https:\/\/tp.media\/content?currency=usd&trs=334795&shmarker=558919&host=search.hotellook.com&locale=en&nobooking=&powered_by=true&width=940&primary=%23D61362&special=%23e0e0e0&promo_id=4063&campaign_id=101\" charset=\"utf-8\"><\/script>\t\t\t\t<\/div>\n\t\t\t\t<\/div>\n\t\t\t\t<\/div>\n\t\t<div class=\"elementor-element elementor-element-f0959a7 e-con-full e-flex e-con e-child\" data-id=\"f0959a7\" data-element_type=\"container\">\n\t\t\t\t<div class=\"elementor-element elementor-element-bd955bf elementor-widget elementor-widget-html\" data-id=\"bd955bf\" data-element_type=\"widget\" data-widget_type=\"html.default\">\n\t\t\t\t<div class=\"elementor-widget-container\">\n\t\t\t\t\t<script async src=\"https:\/\/tp.media\/content?currency=usd&trs=334795&shmarker=558919&search_host=search.hotellook.com&locale=en&powered_by=true&draggable=true&disable_zoom=false&show_logo=false&scrollwheel=false&color=%23D61362&contrast_color=%23ffffff&width=1000&height=500&lat=7.893587&lng=98.29682&zoom=14&radius=60&stars=0&rating_from=0&rating_to=10&promo_id=4285&campaign_id=101\" charset=\"utf-8\"><\/script>\t\t\t\t<\/div>\n\t\t\t\t<\/div>\n\t\t\t\t<\/div>\n\t\t\t\t\t<\/div>\n\t\t\t\t<\/div>\n\t\t<div class=\"elementor-element elementor-element-2682faa e-flex e-con-boxed e-con e-parent\" data-id=\"2682faa\" data-element_type=\"container\">\n\t\t\t\t\t<div class=\"e-con-inner\">\n\t\t\t\t\t<\/div>\n\t\t\t\t<\/div>\n\t\t<div class=\"elementor-element elementor-element-df9a0e8 e-flex e-con-boxed e-con e-parent\" data-id=\"df9a0e8\" data-element_type=\"container\">\n\t\t\t\t\t<div class=\"e-con-inner\">\n\t\t\t\t\t<\/div>\n\t\t\t\t<\/div>\n\t\t\t\t<\/div>","protected":false},"excerpt":{"rendered":"<p>Explore the Colourful World FIND YOUR DREAM HOLIDAY Book A Hotel Get A Unique Promo SPECIAL DEALS Explore The World Planning a trip can be overwhelming and stressful. You\u2019re faced with endless options and confusing prices, making it hard to know if you\u2019re getting the best deal. Wizy Travel simplifies the entire process. With our [&hellip;]<\/p>","protected":false},"author":1,"featured_media":0,"parent":0,"menu_order":0,"comment_status":"closed","ping_status":"closed","template":"","meta":{"_uag_custom_page_level_css":"","site-sidebar-layout":"no-sidebar","site-content-layout":"plain-container","ast-site-content-layout":"full-width-container","site-content-style":"unboxed","site-sidebar-style":"unboxed","ast-global-header-display":"","ast-banner-title-visibility":"","ast-main-header-display":"","ast-hfb-above-header-display":"","ast-hfb-below-header-display":"","ast-hfb-mobile-header-display":"","site-post-title":"disabled","ast-breadcrumbs-content":"","ast-featured-img":"","footer-sml-layout":"","theme-transparent-header-meta":"enabled","adv-header-id-meta":"","stick-header-meta":"","header-above-stick-meta":"","header-main-stick-meta":"","header-below-stick-meta":"","astra-migrate-meta-layouts":"set","ast-page-background-enabled":"default","ast-page-background-meta":{"desktop":{"background-color":"","background-image":"","background-repeat":"repeat","background-position":"center center","background-size":"auto","background-attachment":"scroll","background-type":"","background-media":"","overlay-type":"","overlay-color":"","overlay-opacity":"","overlay-gradient":""},"tablet":{"background-color":"","background-image":"","background-repeat":"repeat","background-position":"center center","background-size":"auto","background-attachment":"scroll","background-type":"","background-media":"","overlay-type":"","overlay-color":"","overlay-opacity":"","overlay-gradient":""},"mobile":{"background-color":"","background-image":"","background-repeat":"repeat","background-position":"center center","background-size":"auto","background-attachment":"scroll","background-type":"","background-media":"","overlay-type":"","overlay-color":"","overlay-opacity":"","overlay-gradient":""}},"ast-content-background-meta":{"desktop":{"background-color":"var(--ast-global-color-5)","background-image":"","background-repeat":"repeat","background-position":"center center","background-size":"auto","background-attachment":"scroll","background-type":"","background-media":"","overlay-type":"","overlay-color":"","overlay-opacity":"","overlay-gradient":""},"tablet":{"background-color":"var(--ast-global-color-5)","background-image":"","background-repeat":"repeat","background-position":"center center","background-size":"auto","background-attachment":"scroll","background-type":"","background-media":"","overlay-type":"","overlay-color":"","overlay-opacity":"","overlay-gradient":""},"mobile":{"background-color":"var(--ast-global-color-5)","background-image":"","background-repeat":"repeat","background-position":"center center","background-size":"auto","background-attachment":"scroll","background-type":"","background-media":"","overlay-type":"","overlay-color":"","overlay-opacity":"","overlay-gradient":""}},"footnotes":""},"class_list":["post-1240","page","type-page","status-publish","hentry"],"uagb_featured_image_src":{"full":false,"thumbnail":false,"medium":false,"medium_large":false,"large":false,"1536x1536":false,"2048x2048":false,"trp-custom-language-flag":false},"uagb_author_info":{"display_name":"arizijohnm@gmail.com","author_link":"https:\/\/wizytravel.com\/da\/author\/arizijohnmgmail-com\/"},"uagb_comment_info":0,"uagb_excerpt":"Explore the Colourful World FIND YOUR DREAM HOLIDAY Book A Hotel Get A Unique Promo SPECIAL DEALS Explore The World Planning a trip can be overwhelming and stressful. You\u2019re faced with endless options and confusing prices, making it hard to know if you\u2019re getting the best deal. Wizy Travel simplifies the entire process. With our&hellip;","_links":{"self":[{"href":"https:\/\/wizytravel.com\/da\/wp-json\/wp\/v2\/pages\/1240","targetHints":{"allow":["GET"]}}],"collection":[{"href":"https:\/\/wizytravel.com\/da\/wp-json\/wp\/v2\/pages"}],"about":[{"href":"https:\/\/wizytravel.com\/da\/wp-json\/wp\/v2\/types\/page"}],"author":[{"embeddable":true,"href":"https:\/\/wizytravel.com\/da\/wp-json\/wp\/v2\/users\/1"}],"replies":[{"embeddable":true,"href":"https:\/\/wizytravel.com\/da\/wp-json\/wp\/v2\/comments?post=1240"}],"version-history":[{"count":0,"href":"https:\/\/wizytravel.com\/da\/wp-json\/wp\/v2\/pages\/1240\/revisions"}],"wp:attachment":[{"href":"https:\/\/wizytravel.com\/da\/wp-json\/wp\/v2\/media?parent=1240"}],"curies":[{"name":"wp","href":"https:\/\/api.w.org\/{rel}","templated":true}]}}